{"id":1019,"date":"2022-03-21T18:29:29","date_gmt":"2022-03-21T17:29:29","guid":{"rendered":"http:\/\/www.cbogliastra.it\/consorzio\/?page_id=1019"},"modified":"2023-09-27T19:23:05","modified_gmt":"2023-09-27T17:23:05","slug":"avvisi-e-notizie","status":"publish","type":"page","link":"http:\/\/www.cbogliastra.it\/consorzio\/avvisi-e-notizie\/","title":{"rendered":"Avvisi e notizie"},"content":{"rendered":"<ul class=\"wp-block-latest-posts__list has-dates wp-block-latest-posts\"><li><div class=\"wp-block-latest-posts__featured-image alignleft\"><img loading=\"lazy\" decoding=\"async\" width=\"150\" height=\"150\" src=\"http:\/\/www.cbogliastra.it\/consorzio\/wp-content\/uploads\/2026\/04\/lavori_irrigazione-150x150.jpeg\" class=\"attachment-thumbnail size-thumbnail wp-post-image\" alt=\"\" style=\"\" \/><\/div><a class=\"wp-block-latest-posts__post-title\" href=\"http:\/\/www.cbogliastra.it\/consorzio\/2026\/04\/17\/attivazione-servizio-straordinario-di-irrigazione-di-soccorso-nei-territori-di-tortoli-e-girasole\/\">Attivazione servizio straordinario di irrigazione di soccorso nei territori di Tortol\u00ec e Girasole<\/a><time datetime=\"2026-04-17T13:35:42+02:00\" class=\"wp-block-latest-posts__post-date\">17\/04\/2026<\/time><div class=\"wp-block-latest-posts__post-excerpt\">Il Consorzio di Bonifica d\u2019Ogliastra informa che, a seguito della mancata erogazione idrica nei distretti di Tortol\u00ec e Girasole, causata dalla rottura imprevista della tubazione adduttrice principale, \u00e8 stato attivato un servizio straordinario di fornitura idrica mediante autobotte. Il servizio \u00e8 destinato alle aziende agricole e zootecniche consorziate operanti nei territori interessati, al fine di &#8230; <\/div><\/li>\n<li><div class=\"wp-block-latest-posts__featured-image alignleft\"><img loading=\"lazy\" decoding=\"async\" width=\"150\" height=\"150\" src=\"http:\/\/www.cbogliastra.it\/consorzio\/wp-content\/uploads\/2023\/04\/irrigation-588941_1280-150x150.jpg\" class=\"attachment-thumbnail size-thumbnail wp-post-image\" alt=\"\" style=\"\" \/><\/div><a class=\"wp-block-latest-posts__post-title\" href=\"http:\/\/www.cbogliastra.it\/consorzio\/2026\/04\/08\/comunicazione-di-interruzione-dellerogazione-dellacqua-presso-comprensori-irrigui-di-tortoli-e-girasole\/\">Comunicazione di interruzione dell\u2019erogazione dell\u2019acqua presso comprensori irrigui di Tortol\u00ec e Girasole.<\/a><time datetime=\"2026-04-08T14:56:13+02:00\" class=\"wp-block-latest-posts__post-date\">08\/04\/2026<\/time><div class=\"wp-block-latest-posts__post-excerpt\">Si comunica che per consentire l\u2019esecuzione di un intervento di manutenzione al derivatore sud, questo Consorzio interromper\u00e0 l\u2019erogazione idrica in tutti i distretti in oggetto presumibilmente per 2 giornate lavorative da gioved\u00ec 09.04.2026-ore 8:00 Tanto \u00e8 dovuto per l\u2019adozione dei provvedimenti ritenuti necessari.Con distinti saluti. Il Direttore dell\u2019Areadott. ing. Marcello Giacobbe<\/div><\/li>\n<li><div class=\"wp-block-latest-posts__featured-image alignleft\"><img loading=\"lazy\" decoding=\"async\" width=\"150\" height=\"150\" src=\"http:\/\/www.cbogliastra.it\/consorzio\/wp-content\/uploads\/2026\/03\/CBO_01-150x150.jpeg\" class=\"attachment-thumbnail size-thumbnail wp-post-image\" alt=\"\" style=\"\" \/><\/div><a class=\"wp-block-latest-posts__post-title\" href=\"http:\/\/www.cbogliastra.it\/consorzio\/2026\/03\/13\/il-consorzio-di-bonifica-dellogliastra-aderisce-alliniziativa-notte-delle-idrovore-tricolori-lacqua-come-bene-prezioso-da-tutelare-e-valorizzare\/\">Il Consorzio di Bonifica dell\u2019Ogliastra aderisce all\u2019iniziativa \u201cNotte delle Idrovore Tricolori\u201d: l\u2019acqua come bene prezioso da tutelare e valorizzare.<\/a><time datetime=\"2026-03-13T13:46:05+01:00\" class=\"wp-block-latest-posts__post-date\">13\/03\/2026<\/time><div class=\"wp-block-latest-posts__post-excerpt\">L\u2019iniziativa mira a richiamare l\u2019attenzione dell\u2019opinione pubblica sull\u2019importanza della risorsa idrica, sempre pi\u00f9 centrale per il futuro dei territori, dell\u2019agricoltura e dell\u2019ambiente.<\/div><\/li>\n<li><div class=\"wp-block-latest-posts__featured-image alignleft\"><img loading=\"lazy\" decoding=\"async\" width=\"150\" height=\"150\" src=\"http:\/\/www.cbogliastra.it\/consorzio\/wp-content\/uploads\/2025\/03\/rapeseeds-4910374_1280-150x150.jpg\" class=\"attachment-thumbnail size-thumbnail wp-post-image\" alt=\"\" style=\"\" \/><\/div><a class=\"wp-block-latest-posts__post-title\" href=\"http:\/\/www.cbogliastra.it\/consorzio\/2025\/12\/24\/avviso-di-vendita-tramite-asta-pubblica\/\">Avviso di vendita tramite asta pubblica<\/a><time datetime=\"2025-12-24T12:58:00+01:00\" class=\"wp-block-latest-posts__post-date\">24\/12\/2025<\/time><div class=\"wp-block-latest-posts__post-excerpt\">Il Consorzio di Bonifica d\u2019Ogliastra informa che intende procedere alla vendita tramite asta al rialzo di un autocarro IVECO Daily 4&#215;4 non funzionante, targato EF018XH, nello stato di fatto e di diritto in cui si trova. Le offerte dovranno pervenire in busta chiusa e sigillata all\u2019Ufficio Protocollo del Consorzio, con l\u2019indicazione esterna \u201cOfferta per IVECO &#8230; <\/div><\/li>\n<li><div class=\"wp-block-latest-posts__featured-image alignleft\"><img loading=\"lazy\" decoding=\"async\" width=\"150\" height=\"150\" src=\"http:\/\/www.cbogliastra.it\/consorzio\/wp-content\/uploads\/2025\/11\/mountains-4131823_1280-150x150.jpg\" class=\"attachment-thumbnail size-thumbnail wp-post-image\" alt=\"\" style=\"\" \/><\/div><a class=\"wp-block-latest-posts__post-title\" href=\"http:\/\/www.cbogliastra.it\/consorzio\/2025\/11\/27\/comprensorio-irriguo-di-tortoli-nord-comunicazione-di-interruzione-dellerogazione-dellacqua-3\/\">Comprensorio irriguo di Tortol\u00ec Nord \u2013 Comunicazione di interruzione dell\u2019erogazione dell\u2019acqua<\/a><time datetime=\"2025-11-27T07:43:28+01:00\" class=\"wp-block-latest-posts__post-date\">27\/11\/2025<\/time><div class=\"wp-block-latest-posts__post-excerpt\">Si comunica che, per consentire l\u2019esecuzione di un intervento di manutenzione alla condotta irrigua principale, il Consorzio interromper\u00e0 l\u2019erogazione idrica in tutto il distretto di Tortol\u00ec Nord (Baccasara compreso) per circa 5 giorni lavorativi. Le attivit\u00e0 sono programmate da luned\u00ec 1 dicembre a venerd\u00ec 5 dicembre 2025; durante tale periodo l\u2019erogazione dell\u2019acqua sar\u00e0 sospesa.<\/div><\/li>\n<li><div class=\"wp-block-latest-posts__featured-image alignleft\"><img loading=\"lazy\" decoding=\"async\" width=\"150\" height=\"150\" src=\"http:\/\/www.cbogliastra.it\/consorzio\/wp-content\/uploads\/2021\/02\/irrigazione_fiume-150x150.jpg\" class=\"attachment-thumbnail size-thumbnail wp-post-image\" alt=\"\" style=\"\" \/><\/div><a class=\"wp-block-latest-posts__post-title\" href=\"http:\/\/www.cbogliastra.it\/consorzio\/2025\/10\/30\/avviso-ai-gentili-contribuenti\/\">Avvisi di pagamento contributi 2023<\/a><time datetime=\"2025-10-30T20:01:39+01:00\" class=\"wp-block-latest-posts__post-date\">30\/10\/2025<\/time><div class=\"wp-block-latest-posts__post-excerpt\">Avviso ai Gentili Contribuenti Si informa che sono in fase di consegna gli\u00a0avvisi di pagamento\u00a0relativi ai\u00a0contributi per l\u2019anno 2023.Per eventuali chiarimenti riguardanti gli avvisi di pagamento o per altre informazioni attinenti,\u00a0l\u2019Ufficio Settore Catasto e Ruoli\u00a0\u00e8 aperto al pubblico nei giorni di\u00a0Marted\u00ec\u00a0e\u00a0Gioved\u00ec, dalle ore\u00a010:00\u00a0alle ore\u00a012:00. Deliberazione n. 37 del 07 luglio 2025 &#8211; Emissione ruoli extragricoli &#8230; <\/div><\/li>\n<li><div class=\"wp-block-latest-posts__featured-image alignleft\"><img loading=\"lazy\" decoding=\"async\" width=\"150\" height=\"150\" src=\"http:\/\/www.cbogliastra.it\/consorzio\/wp-content\/uploads\/2025\/10\/folding-plan-360382_1280-150x150.jpg\" class=\"attachment-thumbnail size-thumbnail wp-post-image\" alt=\"\" style=\"\" \/><\/div><a class=\"wp-block-latest-posts__post-title\" href=\"http:\/\/www.cbogliastra.it\/consorzio\/2025\/10\/06\/ufficio-catasto-orario-di-apertura-al-pubblico\/\">Ufficio catasto: orario di apertura al pubblico<\/a><time datetime=\"2025-10-06T21:17:30+02:00\" class=\"wp-block-latest-posts__post-date\">06\/10\/2025<\/time><div class=\"wp-block-latest-posts__post-excerpt\">A decorrere dal 1 Ottobre 2025, l&#8217;orario di apertura al pubblico dell&#8217; Ufficio Catasto consortile sar\u00e0 il seguente: Marted\u00ec e Gioved\u00ec dalle ore 10:00 alle ore 12:00<\/div><\/li>\n<li><div class=\"wp-block-latest-posts__featured-image alignleft\"><img loading=\"lazy\" decoding=\"async\" width=\"150\" height=\"150\" src=\"http:\/\/www.cbogliastra.it\/consorzio\/wp-content\/uploads\/2025\/10\/image-150x150.png\" class=\"attachment-thumbnail size-thumbnail wp-post-image\" alt=\"\" style=\"\" \/><\/div><a class=\"wp-block-latest-posts__post-title\" href=\"http:\/\/www.cbogliastra.it\/consorzio\/2025\/10\/02\/comprensorio-irriguo-di-tortoli-nord-esecuzione-lavori-di-manutenzione-della-condotta-irrigua-principale_preavviso-interruzione-erogazione-dellacqua\/\">Comprensorio irriguo di Tortol\u00ec Nord \u2013 Esecuzione lavori di manutenzione della condotta irrigua principale_Preavviso interruzione erogazione dell\u2019acqua.<\/a><time datetime=\"2025-10-02T14:29:39+02:00\" class=\"wp-block-latest-posts__post-date\">02\/10\/2025<\/time><div class=\"wp-block-latest-posts__post-excerpt\">Si comunica che al fine di consentire l\u2019esecuzione in sicurezza dei lavori dei lavori di sostituzione di una condotta irrigua principale, dal giorno 6 OTTOBRE 2025 e presumibilmente fino alla fine del corrente mese di ottobre, questo Consorzio interromper\u00e0 l\u2019alimentazione dell\u2019acqua irrigua dalle ore 8:00 alle ore 16:00 dei giorni feriali nelle zone adiacenti la &#8230; <\/div><\/li>\n<li><div class=\"wp-block-latest-posts__featured-image alignleft\"><img loading=\"lazy\" decoding=\"async\" width=\"150\" height=\"150\" src=\"http:\/\/www.cbogliastra.it\/consorzio\/wp-content\/uploads\/2021\/02\/project_02-150x150.jpg\" class=\"attachment-thumbnail size-thumbnail wp-post-image\" alt=\"\" style=\"\" \/><\/div><a class=\"wp-block-latest-posts__post-title\" href=\"http:\/\/www.cbogliastra.it\/consorzio\/2025\/09\/23\/avviso-di-indagine-di-mercato\/\">Avviso di indagine di mercato<\/a><time datetime=\"2025-09-23T09:26:04+02:00\" class=\"wp-block-latest-posts__post-date\">23\/09\/2025<\/time><div class=\"wp-block-latest-posts__post-excerpt\">Manifestazione di interesse a partecipare alla procedura negoziata per l\u2019affidamento dell\u2019appalto integrato di progettazione esecutiva, coordinamento della sicurezza in fase di progettazione e l\u2019esecuzione dei lavori denominati \u201crifacimento attraversamento pensile del rio pramaera per Triei \u2013 Baunei\u201d<\/div><\/li>\n<li><div class=\"wp-block-latest-posts__featured-image alignleft\"><img loading=\"lazy\" decoding=\"async\" width=\"150\" height=\"150\" src=\"http:\/\/www.cbogliastra.it\/consorzio\/wp-content\/uploads\/2023\/06\/water-sprinkler-880970_1280-150x150.jpg\" class=\"attachment-thumbnail size-thumbnail wp-post-image\" alt=\"\" style=\"\" \/><\/div><a class=\"wp-block-latest-posts__post-title\" href=\"http:\/\/www.cbogliastra.it\/consorzio\/2025\/09\/19\/stagione-irrigua-2025-fine-stagione-irrigua-preavviso-di-sospensione-dellerogazione-dellacqua-a-%c2%bd-impianti-di-sollevamento\/\">Stagione irrigua 2025 &#8211; Fine stagione irrigua Preavviso di sospensione dell\u2019erogazione dell\u2019acqua a \u00bd impianti di sollevamento.<\/a><time datetime=\"2025-09-19T10:33:57+02:00\" class=\"wp-block-latest-posts__post-date\">19\/09\/2025<\/time><div class=\"wp-block-latest-posts__post-excerpt\">Si comunica che il 30 settembre p.v. termina la stagione irrigua 2025. Pertanto questo Consorzio dalla suddetta data interromper\u00e0 la distribuzione dell\u2019acqua irrigua mediante gli impianti di sollevamento. Per quanto sopra la distribuzione della risorsa idrica proseguir\u00e0 \u201ca caduta\u201d solo nelle zone raggiunte. Si invitano pertanto tutti gli utenti a voler predisporre quanto loro necessario &#8230; <\/div><\/li>\n<li><div class=\"wp-block-latest-posts__featured-image alignleft\"><img loading=\"lazy\" decoding=\"async\" width=\"150\" height=\"150\" src=\"http:\/\/www.cbogliastra.it\/consorzio\/wp-content\/uploads\/2022\/04\/pexels-pixabay-33263-150x150.jpg\" class=\"attachment-thumbnail size-thumbnail wp-post-image\" alt=\"STAGIONE IRRIGUA 2022\" style=\"\" \/><\/div><a class=\"wp-block-latest-posts__post-title\" href=\"http:\/\/www.cbogliastra.it\/consorzio\/2025\/07\/25\/stagione-irrigua-2025-comprensorio-di-lotzorai-2\/\">STAGIONE IRRIGUA 2025 &#8211; Comprensorio di Lotzorai<\/a><time datetime=\"2025-07-25T16:20:24+02:00\" class=\"wp-block-latest-posts__post-date\">25\/07\/2025<\/time><div class=\"wp-block-latest-posts__post-excerpt\">Si comunica che\u00a0da marted\u00ec 29 luglio 2025\u00a0l\u2019erogazione dell\u2019acqua avverr\u00e0 con l\u2019ausilio degli impianti di\u00a0sollevamento\u00a0dalle ore 8:00 del marted\u00ec fino alle ore 8:00 del sabato successivo<\/div><\/li>\n<li><div class=\"wp-block-latest-posts__featured-image alignleft\"><img loading=\"lazy\" decoding=\"async\" width=\"150\" height=\"150\" src=\"http:\/\/www.cbogliastra.it\/consorzio\/wp-content\/uploads\/2024\/03\/pexels-louis-bauer-249360-150x150.jpg\" class=\"attachment-thumbnail size-thumbnail wp-post-image\" alt=\"\" style=\"\" \/><\/div><a class=\"wp-block-latest-posts__post-title\" href=\"http:\/\/www.cbogliastra.it\/consorzio\/2025\/07\/24\/stagione-irrigua-2025-servizio-irriguo-reclamo\/\">Stagione irrigua 2025 &#8211; servizio irriguo &#8211; reclamo<\/a><time datetime=\"2025-07-24T16:34:30+02:00\" class=\"wp-block-latest-posts__post-date\">24\/07\/2025<\/time><div class=\"wp-block-latest-posts__post-excerpt\">Si avvisano i consorziati che \u00e8 disponibile nella sezione modulistica, o direttamente in allegato a questo avviso, il reclamo definito in oggetto.<\/div><\/li>\n<li><div class=\"wp-block-latest-posts__featured-image alignleft\"><img loading=\"lazy\" decoding=\"async\" width=\"150\" height=\"150\" src=\"http:\/\/www.cbogliastra.it\/consorzio\/wp-content\/uploads\/2023\/06\/water-sprinkler-880970_1280-150x150.jpg\" class=\"attachment-thumbnail size-thumbnail wp-post-image\" alt=\"\" style=\"\" \/><\/div><a class=\"wp-block-latest-posts__post-title\" href=\"http:\/\/www.cbogliastra.it\/consorzio\/2025\/07\/22\/comprensorio-irriguo-di-talana-ritardo-nellavvio-dellimpianto\/\">Comprensorio irriguo di Talana \u2013 Ritardo nell\u2019avvio dell\u2019impianto<\/a><time datetime=\"2025-07-22T20:16:57+02:00\" class=\"wp-block-latest-posts__post-date\">22\/07\/2025<\/time><div class=\"wp-block-latest-posts__post-excerpt\">Si comunica che per consentire l\u2019esecuzione di un intervento programmato di manutenzione alla condotta irrigua di alimentazione della vasca di carico di Tracucu, l\u2019avvio dell\u2019erogazione dell\u2019acqua nella giornata di mercoled\u00ec 23 luglio2025, subir\u00e0 un ritardo di circa 5 ore. Pertanto il servizio sar\u00e0 garantito solo dalle ore 13:00 circa. Cordiali saluti Il Direttore dell\u2019Areadott. Ing. &#8230; <\/div><\/li>\n<li><div class=\"wp-block-latest-posts__featured-image alignleft\"><img loading=\"lazy\" decoding=\"async\" width=\"150\" height=\"150\" src=\"http:\/\/www.cbogliastra.it\/consorzio\/wp-content\/uploads\/2023\/04\/irrigation-588941_1280-150x150.jpg\" class=\"attachment-thumbnail size-thumbnail wp-post-image\" alt=\"\" style=\"\" \/><\/div><a class=\"wp-block-latest-posts__post-title\" href=\"http:\/\/www.cbogliastra.it\/consorzio\/2025\/07\/18\/stagione-irrigua-2025-comprensorio-di-lotzorai\/\">STAGIONE IRRIGUA 2025 &#8211; Comprensorio di Lotzorai<\/a><time datetime=\"2025-07-18T15:23:07+02:00\" class=\"wp-block-latest-posts__post-date\">18\/07\/2025<\/time><div class=\"wp-block-latest-posts__post-excerpt\">Si comunica che dalla giornata odierna \u00e8 stata ripristinata con continuit\u00e0 l\u2019erogazione h24 nell\u2019intero distretto di Lotzorai mediante il sistema \u201ca caduta&#8221;.<\/div><\/li>\n<li><div class=\"wp-block-latest-posts__featured-image alignleft\"><img loading=\"lazy\" decoding=\"async\" width=\"150\" height=\"150\" src=\"http:\/\/www.cbogliastra.it\/consorzio\/wp-content\/uploads\/2025\/07\/image-150x150.png\" class=\"attachment-thumbnail size-thumbnail wp-post-image\" alt=\"\" style=\"\" \/><\/div><a class=\"wp-block-latest-posts__post-title\" href=\"http:\/\/www.cbogliastra.it\/consorzio\/2025\/07\/14\/modifica-calendario-di-erogazione-della-risorsa-idrica\/\">Modifica calendario di erogazione della risorsa idrica.<\/a><time datetime=\"2025-07-14T15:21:38+02:00\" class=\"wp-block-latest-posts__post-date\">14\/07\/2025<\/time><div class=\"wp-block-latest-posts__post-excerpt\">OGGETTO: STAGIONE IRRIGUA 2025 Modifica calendario di erogazione della risorsa idrica. Si comunica che al fine di garantire il regolare soddisfacimento dell\u2019erogazione dellarisorsa idrica in tutto il distretto di Lotzorai, \u00e8 stata disposta una modifica del calendario dierogazione secondo quanto risulta dal seguente prospetto:<\/div><\/li>\n<li><div class=\"wp-block-latest-posts__featured-image alignleft\"><img loading=\"lazy\" decoding=\"async\" width=\"150\" height=\"150\" src=\"http:\/\/www.cbogliastra.it\/consorzio\/wp-content\/uploads\/2021\/02\/irrigazione_01-150x150.jpg\" class=\"attachment-thumbnail size-thumbnail wp-post-image\" alt=\"\" style=\"\" \/><\/div><a class=\"wp-block-latest-posts__post-title\" href=\"http:\/\/www.cbogliastra.it\/consorzio\/2025\/06\/03\/4703\/\">Comprensorio irriguo di Triei-Baunei \u2013 Comunicazione ritardo nell\u2019erogazione della risorsa idrica nel territorio il giorno 03.06.2025<\/a><time datetime=\"2025-06-03T10:25:02+02:00\" class=\"wp-block-latest-posts__post-date\">03\/06\/2025<\/time><div class=\"wp-block-latest-posts__post-excerpt\">Si comunica che l\u2019avvio dell\u2019erogazione dell\u2019acqua nella giornata di oggi marted\u00ec 03.06.2025, a causa dell\u2019esigenza di effettuare un intervento di manutenzione straordinario alla condotta adduttrice principale, subir\u00e0 un ritardo di almeno 6 ore. Pertanto, salvo imprevisti, l\u2019impianto sar\u00e0 avviato alle ore 13:00 e solo dal primo pomeriggio il servizio irriguo potr\u00e0 essere fruibile per gli &#8230; <\/div><\/li>\n<li><div class=\"wp-block-latest-posts__featured-image alignleft\"><img loading=\"lazy\" decoding=\"async\" width=\"150\" height=\"150\" src=\"http:\/\/www.cbogliastra.it\/consorzio\/wp-content\/uploads\/2023\/04\/irrigation-588941_1280-150x150.jpg\" class=\"attachment-thumbnail size-thumbnail wp-post-image\" alt=\"\" style=\"\" \/><\/div><a class=\"wp-block-latest-posts__post-title\" href=\"http:\/\/www.cbogliastra.it\/consorzio\/2025\/05\/13\/comprensorio-irriguo-di-tortoli-nord-comunicazione-di-interruzione-dellerogazione-dellacqua-2\/\">Comprensorio irriguo di Tortol\u00ec Nord \u2013 Comunicazione di interruzione dell\u2019erogazione dell\u2019acqua<\/a><time datetime=\"2025-05-13T15:48:38+02:00\" class=\"wp-block-latest-posts__post-date\">13\/05\/2025<\/time><div class=\"wp-block-latest-posts__post-excerpt\">Si comunica che a causa di una rottura imprevista e imprevedibile alla condotta irrigua principale, questo Consorzio dalle ore 11:00 di oggi (13.05.2025) e presumibilmente fino alle ore 16:00 di domani 14.05.2025, interromper\u00e0 l\u2019alimentazione dell\u2019acqua irrigua in tutto il distretto di Tortol\u00ec_Nord (zone di Su Troccu, Baccasara, San Gemiliano, Is Cogottis, San Gemiliano, Schirru, Basaura, &#8230; <\/div><\/li>\n<li><div class=\"wp-block-latest-posts__featured-image alignleft\"><img loading=\"lazy\" decoding=\"async\" width=\"150\" height=\"150\" src=\"http:\/\/www.cbogliastra.it\/consorzio\/wp-content\/uploads\/2023\/06\/water-sprinkler-880970_1280-150x150.jpg\" class=\"attachment-thumbnail size-thumbnail wp-post-image\" alt=\"\" style=\"\" \/><\/div><a class=\"wp-block-latest-posts__post-title\" href=\"http:\/\/www.cbogliastra.it\/consorzio\/2025\/05\/07\/stagione-irrigua-2025-avvio-erogazione-della-risorsa-idrica-a-1%e2%81%842-impianti-disollevamento-errata-corrige\/\">STAGIONE IRRIGUA 2025 Avvio erogazione della risorsa idrica a 1\u20442 impianti disollevamento-ERRATA CORRIGE<\/a><time datetime=\"2025-05-07T21:29:00+02:00\" class=\"wp-block-latest-posts__post-date\">07\/05\/2025<\/time><div class=\"wp-block-latest-posts__post-excerpt\">Facendo seguito alla comunicazione prot. nr 1417 del 06.05.2025 con la quale si \u00e8comunicato l avvio della stagione irrigua e il relativo calendario di erogazione, si comunicache nella comunicazione \u00e8 presente un refuso . Il calendario irrigua mediante impianti di sollevamento nella zona di Lotzorai \u00e8 infatti il seguente: &#8211; dalle ore 8,00 del marted\u00ec &#8230; <\/div><\/li>\n<li><div class=\"wp-block-latest-posts__featured-image alignleft\"><img loading=\"lazy\" decoding=\"async\" width=\"150\" height=\"150\" src=\"http:\/\/www.cbogliastra.it\/consorzio\/wp-content\/uploads\/2022\/04\/pexels-pixabay-33263-150x150.jpg\" class=\"attachment-thumbnail size-thumbnail wp-post-image\" alt=\"STAGIONE IRRIGUA 2022\" style=\"\" \/><\/div><a class=\"wp-block-latest-posts__post-title\" href=\"http:\/\/www.cbogliastra.it\/consorzio\/2025\/05\/06\/stagione-irrigua-2025-avvio-erogazione-della-risorsa-idrica-a-1%e2%81%842-impianti-disollevamento\/\">STAGIONE IRRIGUA 2025 Avvio erogazione della risorsa idrica a 1\u20442 impianti disollevamento<\/a><time datetime=\"2025-05-06T22:48:40+02:00\" class=\"wp-block-latest-posts__post-date\">06\/05\/2025<\/time><div class=\"wp-block-latest-posts__post-excerpt\">Si comunica che il Consorzio di Bonifica d\u2019Ogliastra il giorno 08 maggio 2025 dar\u00e0 inizio all\u2019erogazione dell\u2019acqua irrigua nell\u2019intero comprensorio a \u00bd impianti di sollevamento. Il calendario iniziale dell\u2019erogazione dell\u2019acqua \u00e8 il seguente:-> nelle zone di Bar\u00ec Sardo, di Girasole, di Lotzorai e di Tortol\u00ec dalle ore 8,00 del venerd\u00ec alle ore 8,00 del marted\u00ec &#8230; <\/div><\/li>\n<li><div class=\"wp-block-latest-posts__featured-image alignleft\"><img loading=\"lazy\" decoding=\"async\" width=\"150\" height=\"150\" src=\"http:\/\/www.cbogliastra.it\/consorzio\/wp-content\/uploads\/2023\/04\/irrigation-588941_1280-150x150.jpg\" class=\"attachment-thumbnail size-thumbnail wp-post-image\" alt=\"\" style=\"\" \/><\/div><a class=\"wp-block-latest-posts__post-title\" href=\"http:\/\/www.cbogliastra.it\/consorzio\/2025\/04\/28\/comprensorio-irriguo-di-tortoli-nord-comunicazione-di-interruzione-dellerogazione-dellacqua\/\">Comprensorio irriguo di Tortol\u00ec Nord \u2013 Comunicazione di interruzione dell\u2019erogazione dell\u2019acqua<\/a><time datetime=\"2025-04-28T21:48:25+02:00\" class=\"wp-block-latest-posts__post-date\">28\/04\/2025<\/time><div class=\"wp-block-latest-posts__post-excerpt\">Si comunica che a causa di una rottura imprevista e imprevedibile alla condotta irriguaprincipale, questo Consorzio dalle ore 14:00 di oggi (28.04.2025) e presumibilmente finoalle ore 16:00 del giorno 30.04.2025, interromper\u00e0 l\u2019alimentazione dell\u2019acqua irrigua in tuttoil distretto di Tortol\u00ec_Nord (zone di Su Troccu, Baccasara, San Gemiliano, Is Cogottis, SanGemiliano, Schirru, Basaura, etc) compreso tra il &#8230; <\/div><\/li>\n<\/ul>","protected":false},"excerpt":{"rendered":"","protected":false},"author":1,"featured_media":0,"parent":0,"menu_order":0,"comment_status":"closed","ping_status":"closed","template":"","meta":{"footnotes":""},"class_list":["post-1019","page","type-page","status-publish","hentry"],"publishpress_future_action":{"enabled":false,"date":"1970-01-01 01:00:00","action":"","terms":[],"taxonomy":"","browser_timezone_offset":0},"_links":{"self":[{"href":"http:\/\/www.cbogliastra.it\/consorzio\/wp-json\/wp\/v2\/pages\/1019","targetHints":{"allow":["GET"]}}],"collection":[{"href":"http:\/\/www.cbogliastra.it\/consorzio\/wp-json\/wp\/v2\/pages"}],"about":[{"href":"http:\/\/www.cbogliastra.it\/consorzio\/wp-json\/wp\/v2\/types\/page"}],"author":[{"embeddable":true,"href":"http:\/\/www.cbogliastra.it\/consorzio\/wp-json\/wp\/v2\/users\/1"}],"replies":[{"embeddable":true,"href":"http:\/\/www.cbogliastra.it\/consorzio\/wp-json\/wp\/v2\/comments?post=1019"}],"version-history":[{"count":8,"href":"http:\/\/www.cbogliastra.it\/consorzio\/wp-json\/wp\/v2\/pages\/1019\/revisions"}],"predecessor-version":[{"id":2935,"href":"http:\/\/www.cbogliastra.it\/consorzio\/wp-json\/wp\/v2\/pages\/1019\/revisions\/2935"}],"wp:attachment":[{"href":"http:\/\/www.cbogliastra.it\/consorzio\/wp-json\/wp\/v2\/media?parent=1019"}],"curies":[{"name":"wp","href":"https:\/\/api.w.org\/{rel}","templated":true}]}}