{"id":182,"date":"2021-02-14T07:36:48","date_gmt":"2021-02-14T07:36:48","guid":{"rendered":"https:\/\/www.sardegnaprenota.it\/consorzio\/?page_id=182"},"modified":"2022-01-26T16:56:23","modified_gmt":"2022-01-26T15:56:23","slug":"inquadramento-territoriale","status":"publish","type":"page","link":"http:\/\/www.cbogliastra.it\/consorzio\/inquadramento-territoriale\/","title":{"rendered":"Inquadramento territoriale"},"content":{"rendered":"\n<p>L\u2019estensione territoriale di operativit\u00e0 del Consorzio, che interessa 17 Comuni della provincia dell\u2019Ogliastra, \u00e8 pari a 31.334 ha, in dettaglio<\/p>\n\n\n\n<figure class=\"wp-block-table\"><table><tbody><tr><td>Arzana<\/td><td>2.844 Ha<\/td><\/tr><tr><td>Bari Sardo<\/td><td>2.714 Ha<\/td><\/tr><tr><td>Baunei<\/td><td>1.129 Ha<\/td><\/tr><tr><td>Cardedu<\/td><td>3.230 Ha<\/td><\/tr><tr><td>Gairo<\/td><td>1.489 Ha<\/td><\/tr><tr><td>Girasole<\/td><td>1.211 Ha<\/td><\/tr><tr><td>Ilbono<\/td><td>8 Ha<\/td><\/tr><tr><td>Jerzu<\/td><td>2.531 Ha<\/td><\/tr><tr><td>Lanusei<\/td><td>1.281 Ha<\/td><\/tr><tr><td>Loceri<\/td><td>187 Ha<\/td><\/tr><tr><td>Lotzorai<\/td><td>1.473 Ha<\/td><\/tr><tr><td>Osini<\/td><td>1.008 Ha<\/td><\/tr><tr><td>Talana<\/td><td>644 Ha<\/td><\/tr><tr><td>Tertenia<\/td><td>7.337 Ha<\/td><\/tr><tr><td>Tortol\u00ec<\/td><td>3.335 Ha<\/td><\/tr><tr><td>Triei<\/td><td>195 Ha<\/td><\/tr><tr><td>Villagrande<\/td><td>718 Ha<\/td><\/tr><\/tbody><\/table><\/figure>\n\n\n\n<p>Il comprensorio irriguo interessa una superficie di circa 4.747 nei territori di 9 comuni del Nord Ogliastra (Baunei, Triei, Lotzorai, Talana, Girasole, Villagrande, Tortol\u00ec, Bar\u00ec Sardo e Ilbono).<\/p>\n\n\n\n<p>La rete irrigua, interamente in pressione, \u00e8 alimentata dalle acque provenienti dal bacino del Rio Sa Teula (diga di S. Lucia realizzata dal Consorzio) nell\u2019agro di Villagrande Strisaili, avente una capacit\u00e0 utile di 3,7 Mmc.<\/p>\n\n\n\n<p>Il serbatoio, oltre a consentire la pratica irrigua dei terreni serviti, alimenta anche la rete di acqua potabile dell\u00ecabitato di Tortol\u00ec, quelle delle aree industriali di Tortol\u00ec-Arbatax e delle zone artigianali di Girasole, Lotzorai e Tortol\u00ec. Assolve inoltre alla importantissima funzione di laminazione delle piene.<\/p>\n","protected":false},"excerpt":{"rendered":"<p>L\u2019estensione territoriale di operativit\u00e0 del Consorzio, che interessa 17 Comuni della provincia dell\u2019Ogliastra, \u00e8 pari a 31.334 ha, in dettaglio Arzana 2.844 Ha Bari Sardo &#8230; <\/p>\n","protected":false},"author":1,"featured_media":0,"parent":0,"menu_order":0,"comment_status":"closed","ping_status":"closed","template":"","meta":{"footnotes":""},"class_list":["post-182","page","type-page","status-publish","hentry"],"publishpress_future_action":{"enabled":false,"date":"1970-01-01 01:00:00","action":"","terms":[],"taxonomy":"","browser_timezone_offset":0},"_links":{"self":[{"href":"http:\/\/www.cbogliastra.it\/consorzio\/wp-json\/wp\/v2\/pages\/182","targetHints":{"allow":["GET"]}}],"collection":[{"href":"http:\/\/www.cbogliastra.it\/consorzio\/wp-json\/wp\/v2\/pages"}],"about":[{"href":"http:\/\/www.cbogliastra.it\/consorzio\/wp-json\/wp\/v2\/types\/page"}],"author":[{"embeddable":true,"href":"http:\/\/www.cbogliastra.it\/consorzio\/wp-json\/wp\/v2\/users\/1"}],"replies":[{"embeddable":true,"href":"http:\/\/www.cbogliastra.it\/consorzio\/wp-json\/wp\/v2\/comments?post=182"}],"version-history":[{"count":2,"href":"http:\/\/www.cbogliastra.it\/consorzio\/wp-json\/wp\/v2\/pages\/182\/revisions"}],"predecessor-version":[{"id":981,"href":"http:\/\/www.cbogliastra.it\/consorzio\/wp-json\/wp\/v2\/pages\/182\/revisions\/981"}],"wp:attachment":[{"href":"http:\/\/www.cbogliastra.it\/consorzio\/wp-json\/wp\/v2\/media?parent=182"}],"curies":[{"name":"wp","href":"https:\/\/api.w.org\/{rel}","templated":true}]}}