{"id":25,"date":"2021-02-13T10:34:28","date_gmt":"2021-02-13T10:34:28","guid":{"rendered":"https:\/\/www.sardegnaprenota.it\/consorzio\/?page_id=25"},"modified":"2021-11-23T09:44:43","modified_gmt":"2021-11-23T08:44:43","slug":"urgenze-irrigazione","status":"publish","type":"page","link":"http:\/\/www.cbogliastra.it\/consorzio\/urgenze-irrigazione\/","title":{"rendered":"Urgenze Irrigazione"},"content":{"rendered":"\n<h2 class=\"has-text-align-center wp-block-heading\"><strong>Servizio reperibilit\u00e0 per urgenze e segnalazione guasti<\/strong><\/h2>\n\n\n\n<p><strong>Dopo le 14:00 e fino alle 07:00 dei giorni feriali e H24 nei giorni festivi<\/strong><\/p>\n\n\n\n<p><strong>Telefono<\/strong>: 3204786618<\/p>\n\n\n\n<p class=\"has-text-align-center\">Durante l\u2019orario di lavoro (LUN al SAB \u2013 07,00 &#8211; 14,00)<br>Possono essere contattati gli operatori di zona<\/p>\n\n\n\n<h3 class=\"wp-block-heading\"><strong>Zona Tortol\u00ec\/Bari Sardo<\/strong><\/h3>\n\n\n\n<p>Carta Ottavio 3395244920<br>Loddo Vittorio 3394028831<\/p>\n\n\n\n<h3 class=\"wp-block-heading\"><strong>Zona Girasole<\/strong><\/h3>\n\n\n\n<p>Mucaria Carlo 3394035854<\/p>\n\n\n\n<h3 class=\"wp-block-heading\"><strong>Zona Lotzorai<\/strong><\/h3>\n\n\n\n<p>Deiana&nbsp;Renato 338 3441588<\/p>\n\n\n\n<h3 class=\"wp-block-heading\"><strong><strong>Zona Triei\/Baunei<\/strong><\/strong><\/h3>\n\n\n\n<p>3204786620<\/p>\n\n\n\n<h3 class=\"wp-block-heading\"><strong>Zona Villagrande\/Talana<\/strong><\/h3>\n\n\n\n<p>3388666222<\/p>\n\n\n\n<h3 class=\"wp-block-heading\"><strong>Impianti\u00a0sollevamento<\/strong><\/h3>\n\n\n\n<p>Manca Tiziano 3204786622<\/p>\n\n\n\n<p>Le segnalazioni ordinarie possono essere effettuate anche contattando gli uffici (dal luned\u00ec al venerd\u00ec dalle 08:00 alle 14:00; marted\u00ec e mercoled\u00ec dalle 15:00 alle 18:00) ai numeri e\/o e-mail riportate nel sito nella sezione contatti<\/p>\n","protected":false},"excerpt":{"rendered":"<p>Servizio reperibilit\u00e0 per urgenze e segnalazione guasti Dopo le 14:00 e fino alle 07:00 dei giorni feriali e H24 nei giorni festivi Telefono: 3204786618 Durante &#8230; <\/p>\n","protected":false},"author":1,"featured_media":0,"parent":0,"menu_order":0,"comment_status":"closed","ping_status":"closed","template":"","meta":{"footnotes":""},"class_list":["post-25","page","type-page","status-publish","hentry"],"publishpress_future_action":{"enabled":false,"date":"1970-01-01 01:00:00","action":"","terms":[],"taxonomy":"","browser_timezone_offset":0},"_links":{"self":[{"href":"http:\/\/www.cbogliastra.it\/consorzio\/wp-json\/wp\/v2\/pages\/25","targetHints":{"allow":["GET"]}}],"collection":[{"href":"http:\/\/www.cbogliastra.it\/consorzio\/wp-json\/wp\/v2\/pages"}],"about":[{"href":"http:\/\/www.cbogliastra.it\/consorzio\/wp-json\/wp\/v2\/types\/page"}],"author":[{"embeddable":true,"href":"http:\/\/www.cbogliastra.it\/consorzio\/wp-json\/wp\/v2\/users\/1"}],"replies":[{"embeddable":true,"href":"http:\/\/www.cbogliastra.it\/consorzio\/wp-json\/wp\/v2\/comments?post=25"}],"version-history":[{"count":5,"href":"http:\/\/www.cbogliastra.it\/consorzio\/wp-json\/wp\/v2\/pages\/25\/revisions"}],"predecessor-version":[{"id":794,"href":"http:\/\/www.cbogliastra.it\/consorzio\/wp-json\/wp\/v2\/pages\/25\/revisions\/794"}],"wp:attachment":[{"href":"http:\/\/www.cbogliastra.it\/consorzio\/wp-json\/wp\/v2\/media?parent=25"}],"curies":[{"name":"wp","href":"https:\/\/api.w.org\/{rel}","templated":true}]}}