{"id":345,"date":"2021-02-14T18:50:01","date_gmt":"2021-02-14T18:50:01","guid":{"rendered":"https:\/\/www.sardegnaprenota.it\/consorzio\/?page_id=345"},"modified":"2026-02-09T16:04:37","modified_gmt":"2026-02-09T15:04:37","slug":"informativa-privacy","status":"publish","type":"page","link":"https:\/\/www.cbogliastra.it\/consorzio\/informativa-privacy\/","title":{"rendered":"Informativa Privacy"},"content":{"rendered":"\n<h2 class=\"wp-block-heading\"><strong>Informativa effettuata ai sensi dell\u2019art. 13 Regolamento (UE) 2016\/679 (RGDP)<\/strong><\/h2>\n\n\n\n<p>Il 6 aprile 2016, l&#8217;Unione Europea ha approvato un\u2019importante riforma del quadro normativo relativo alla tutela dei dati personali adottando il \u201cRegolamento generale sulla protezione dei dati\u201d (G.D.P.R. o Regolamento), direttamente applicabile negli Stati membri.<\/p>\n\n\n\n<p>Si riportano di seguito le informazioni sui diritti dell\u2019interessato ele modalit\u00e0 del relativo esercizio.<\/p>\n\n\n\n<p>Il Consorzio di Bonifica d\u2019Ogliastra, con sede in Tortol\u00ec, Viale Pirastu, 23, email: protocollo@cbogliastra.it, pec: cbogliastra@pec.it, tel: 0782 623040-622594, nella sua qualit\u00e0 di Titolare del trattamento dei dati, tratter\u00e0 i dati personali conferiti, sia su supporto cartaceo sia con modalit\u00e0 informatiche e telematiche, esclusivamente al fine di espletare le attivit\u00e0 amministrativa correlata, nell\u2019esecuzione dei compiti di interesse pubblico o comunque connessi all\u2019attivit\u00e0 istituzionale dell\u2019Ente, nel rispetto dei principi di cui al Regolamento UE 2016\/679.<\/p>\n\n\n\n<p>Il trattamento dei dati personali avverr\u00e0 secondo modalit\u00e0 idonee a garantire sicurezza e riservatezza e sar\u00e0 effettuato utilizzando supporti cartacei, informatici e\/o telematici per lo svolgimento delle attivit\u00e0 dell\u2019Amministrazione.<\/p>\n\n\n\n<p>Il trattamento dei dati \u00e8 improntato ai principi di liceit\u00e0, correttezza e trasparenza e, in conformit\u00e0 al principio di cd \u201cminimizzazione dei dati\u201d, i dati richiesti sono adeguati, pertinenti e limitati rispetto alle finalit\u00e0 per le quali sono trattati.<\/p>\n\n\n\n<p>In particolare, i dati sono raccolti e registrati unicamente per gli scopi sopraindicati e saranno tutelate la Sua dignit\u00e0 e la Sua riservatezza.<\/p>\n\n\n\n<p>Il conferimento dei dati \u00e8 facoltativo, ma un eventuale rifiuto di fornirli comporter\u00e0 l&#8217;impossibilit\u00e0 per l\u2019Amministrazione di utilizzare i dati per le finalit\u00e0 indicate, con la conseguenza che non sar\u00e0 possibile l\u2019erogazione dei servizi richiesti.<\/p>\n\n\n\n<p>I dati raccolti potranno essere comunicati, se previsto da norma di legge o di regolamento, ad altri soggetti pubblici espressamente individuati e\/o diffusi, laddove obbligatorio, a seguito di pubblicazione all\u2019Albo Pretorio On line (ai sensi dell\u2019art. 32, L. 69\/2009) ovvero nella Sezione del sito istituzionale dell\u2019Ente denominata \u201cAmministrazione Trasparente\u201d (ai sensi del D. Lgs. 33\/2013 e ss.mm.ii).<\/p>\n\n\n\n<p>Gli stessi dati potranno formare oggetto di istanza di accesso documentale ai sensi e nei limiti di cui agli artt. 22 e ss. L. 241\/90 ovvero potranno formare oggetto di richiesta di accesso civico \u201cgeneralizzato\u201d, ai sensi dall\u2019art. 5, comma 2, e dall\u2019art. 5 bis, D. Lgs. 33\/2013.<\/p>\n\n\n\n<p>I dati conferiti, saranno trattati dal Consorzio per il periodo necessario allo svolgimento dell\u2019attivit\u00e0 amministrativa correlata e conservati in conformit\u00e0 alle norme sulla conservazione della documentazione amministrativa.<\/p>\n\n\n\n<p>I dati saranno trattati esclusivamente dal personale, da collaboratori dell\u2019Ente ovvero da soggetti esterni espressamente nominati come Responsabili del trattamento dal Titolare.<\/p>\n\n\n\n<p>Al di fuori delle ipotesi sopra richiamate, i dati non saranno comunicati a terzi n\u00e9 diffusi.<\/p>\n\n\n\n<p>Gli interessati hanno il diritto di chiedere al Titolare del trattamento l\u2019accesso ai dati personali e la rettifica o la cancellazione degli stessi o la limitazione del trattamento che li riguarda o di opporsi al trattamento, ai sensi degli artt. 15 e ss. RGDP.<\/p>\n\n\n\n<p>Apposita istanza \u00e8 presentata al Responsabile della Protezione dei dati dell\u2019Ente (ex art. 38, paragrafo 4, RGDP), individuato nella SIPAL srl, con sede a Cagliari nella Via San Benedetto, 60 \u2013 Tel: 070\/42835 \u2013 email: dpo@sipal.sardegna.it \u2013 pec: sipalpostacertificata@pec.sipal.sardegna.it<\/p>\n\n\n\n<hr class=\"wp-block-separator has-alpha-channel-opacity\"\/>\n\n\n\n<figure class=\"wp-block-table\"><table class=\"has-fixed-layout\"><tbody><tr><td><strong>Allegati<\/strong><\/td><\/tr><tr><td><a href=\"https:\/\/www.cbogliastra.it\/consorzio\/wp-content\/uploads\/2026\/02\/INFORMATIVA-II-LIVELLO.pdf\" class=\"mtli_attachment mtli_pdf\">Informativa di secondo livello &#8211; Videosorveglianza<\/a><\/td><\/tr><\/tbody><\/table><\/figure>\n","protected":false},"excerpt":{"rendered":"<p>Informativa effettuata ai sensi dell\u2019art. 13 Regolamento (UE) 2016\/679 (RGDP) Il 6 aprile 2016, l&#8217;Unione Europea ha approvato un\u2019importante riforma del quadro normativo relativo alla &#8230; <\/p>\n","protected":false},"author":1,"featured_media":0,"parent":0,"menu_order":0,"comment_status":"closed","ping_status":"closed","template":"","meta":{"footnotes":""},"class_list":["post-345","page","type-page","status-publish","hentry"],"publishpress_future_action":{"enabled":false,"date":"1970-01-01 01:00:00","action":"","terms":[],"taxonomy":"","browser_timezone_offset":0},"_links":{"self":[{"href":"https:\/\/www.cbogliastra.it\/consorzio\/wp-json\/wp\/v2\/pages\/345","targetHints":{"allow":["GET"]}}],"collection":[{"href":"https:\/\/www.cbogliastra.it\/consorzio\/wp-json\/wp\/v2\/pages"}],"about":[{"href":"https:\/\/www.cbogliastra.it\/consorzio\/wp-json\/wp\/v2\/types\/page"}],"author":[{"embeddable":true,"href":"https:\/\/www.cbogliastra.it\/consorzio\/wp-json\/wp\/v2\/users\/1"}],"replies":[{"embeddable":true,"href":"https:\/\/www.cbogliastra.it\/consorzio\/wp-json\/wp\/v2\/comments?post=345"}],"version-history":[{"count":5,"href":"https:\/\/www.cbogliastra.it\/consorzio\/wp-json\/wp\/v2\/pages\/345\/revisions"}],"predecessor-version":[{"id":5391,"href":"https:\/\/www.cbogliastra.it\/consorzio\/wp-json\/wp\/v2\/pages\/345\/revisions\/5391"}],"wp:attachment":[{"href":"https:\/\/www.cbogliastra.it\/consorzio\/wp-json\/wp\/v2\/media?parent=345"}],"curies":[{"name":"wp","href":"https:\/\/api.w.org\/{rel}","templated":true}]}}